{"id":8563,"date":"2023-12-14T15:02:44","date_gmt":"2023-12-14T14:02:44","guid":{"rendered":"https:\/\/fiberfib.kinsta.cloud\/estacions-hora\/"},"modified":"2024-01-12T09:14:59","modified_gmt":"2024-01-12T08:14:59","slug":"estacions-hora","status":"publish","type":"page","link":"https:\/\/fiberfib.com\/ca\/estacions-hora\/","title":{"rendered":"Estacions hora"},"content":{"rendered":"\t\t<div data-elementor-type=\"wp-page\" data-elementor-id=\"8563\" class=\"elementor elementor-8563\" data-elementor-post-type=\"page\">\n\t\t\t\t<div class=\"elementor-element elementor-element-5b8383e e-con-full e-flex e-con e-parent\" data-id=\"5b8383e\" data-element_type=\"container\" data-e-type=\"container\">\n\t\t<div class=\"elementor-element elementor-element-22068f9 e-con-full e-flex e-con e-child\" data-id=\"22068f9\" data-element_type=\"container\" data-e-type=\"container\" data-settings=\"{&quot;background_background&quot;:&quot;classic&quot;}\">\n\t\t\t\t<div class=\"elementor-element elementor-element-a46471b elementor-widget elementor-widget-heading\" data-id=\"a46471b\" data-element_type=\"widget\" data-e-type=\"widget\" data-widget_type=\"heading.default\">\n\t\t\t\t<div class=\"elementor-widget-container\">\n\t\t\t\t\t<h3 class=\"elementor-heading-title elementor-size-default\">BONS DIES<\/h3>\t\t\t\t<\/div>\n\t\t\t\t<\/div>\n\t\t\t\t<div class=\"elementor-element elementor-element-5db8fdb elementor-widget elementor-widget-heading\" data-id=\"5db8fdb\" data-element_type=\"widget\" data-e-type=\"widget\" data-widget_type=\"heading.default\">\n\t\t\t\t<div class=\"elementor-widget-container\">\n\t\t\t\t\t<h3 class=\"elementor-heading-title elementor-size-default\">09 A 16.15H<\/h3>\t\t\t\t<\/div>\n\t\t\t\t<\/div>\n\t\t\t\t<div class=\"elementor-element elementor-element-36b8939 elementor-widget elementor-widget-heading\" data-id=\"36b8939\" data-element_type=\"widget\" data-e-type=\"widget\" data-widget_type=\"heading.default\">\n\t\t\t\t<div class=\"elementor-widget-container\">\n\t\t\t\t\t<p class=\"elementor-heading-title elementor-size-default\">AIX\u00d2 \u00c9S VERITAT<\/p>\t\t\t\t<\/div>\n\t\t\t\t<\/div>\n\t\t\t\t<\/div>\n\t\t\t\t<\/div>\n\t\t<div class=\"elementor-element elementor-element-c6b7ad4 e-con-full e-flex e-con e-parent\" data-id=\"c6b7ad4\" data-element_type=\"container\" data-e-type=\"container\">\n\t\t<div class=\"elementor-element elementor-element-c286ee7 e-con-full e-flex e-con e-child\" data-id=\"c286ee7\" data-element_type=\"container\" data-e-type=\"container\" data-settings=\"{&quot;background_background&quot;:&quot;classic&quot;}\">\n\t\t\t\t<div class=\"elementor-element elementor-element-9b9e513 elementor-widget elementor-widget-heading\" data-id=\"9b9e513\" data-element_type=\"widget\" data-e-type=\"widget\" data-widget_type=\"heading.default\">\n\t\t\t\t<div class=\"elementor-widget-container\">\n\t\t\t\t\t<h3 class=\"elementor-heading-title elementor-size-default\">BONS DIES<\/h3>\t\t\t\t<\/div>\n\t\t\t\t<\/div>\n\t\t\t\t<div class=\"elementor-element elementor-element-bfb591c elementor-widget elementor-widget-heading\" data-id=\"bfb591c\" data-element_type=\"widget\" data-e-type=\"widget\" data-widget_type=\"heading.default\">\n\t\t\t\t<div class=\"elementor-widget-container\">\n\t\t\t\t\t<h3 class=\"elementor-heading-title elementor-size-default\">16.15 A 09H<\/h3>\t\t\t\t<\/div>\n\t\t\t\t<\/div>\n\t\t\t\t<div class=\"elementor-element elementor-element-59ee40f elementor-widget elementor-widget-heading\" data-id=\"59ee40f\" data-element_type=\"widget\" data-e-type=\"widget\" data-widget_type=\"heading.default\">\n\t\t\t\t<div class=\"elementor-widget-container\">\n\t\t\t\t\t<p class=\"elementor-heading-title elementor-size-default\">AIX\u00d2 \u00c9S VERITAT<\/p>\t\t\t\t<\/div>\n\t\t\t\t<\/div>\n\t\t\t\t<\/div>\n\t\t\t\t<\/div>\n\t\t\t\t<\/div>\n\t\t","protected":false},"excerpt":{"rendered":"<p>BONS DIES 09 A 16.15H AIX\u00d2 \u00c9S VERITAT BONS DIES 16.15 A 09H AIX\u00d2 \u00c9S VERITAT<\/p>\n","protected":false},"author":1,"featured_media":0,"parent":0,"menu_order":0,"comment_status":"closed","ping_status":"closed","template":"","meta":{"footnotes":""},"class_list":["post-8563","page","type-page","status-publish","hentry"],"yoast_head":"<!-- This site is optimized with the Yoast SEO Premium plugin v27.4 (Yoast SEO v27.4) - https:\/\/yoast.com\/product\/yoast-seo-premium-wordpress\/ -->\n<title>Estacions hora - FIB Benic\u00e0ssim<\/title>\n<meta name=\"robots\" content=\"index, follow, max-snippet:-1, max-image-preview:large, max-video-preview:-1\" \/>\n<link rel=\"canonical\" href=\"https:\/\/fiberfib.com\/ca\/estacions-hora\/\" \/>\n<meta property=\"og:locale\" content=\"en_US\" \/>\n<meta property=\"og:type\" content=\"article\" \/>\n<meta property=\"og:title\" content=\"Estacions hora\" \/>\n<meta property=\"og:description\" content=\"BONS DIES 09 A 16.15H AIX\u00d2 \u00c9S VERITAT BONS DIES 16.15 A 09H AIX\u00d2 \u00c9S VERITAT\" \/>\n<meta property=\"og:url\" content=\"https:\/\/fiberfib.com\/ca\/estacions-hora\/\" \/>\n<meta property=\"og:site_name\" content=\"FIB Benic\u00e0ssim\" \/>\n<meta property=\"article:modified_time\" content=\"2024-01-12T08:14:59+00:00\" \/>\n<meta name=\"twitter:card\" content=\"summary_large_image\" \/>\n<script type=\"application\/ld+json\" class=\"yoast-schema-graph\">{\"@context\":\"https:\\\/\\\/schema.org\",\"@graph\":[{\"@type\":\"WebPage\",\"@id\":\"https:\\\/\\\/fiberfib.com\\\/ca\\\/estacions-hora\\\/\",\"url\":\"https:\\\/\\\/fiberfib.com\\\/ca\\\/estacions-hora\\\/\",\"name\":\"Estacions hora - FIB Benic\u00e0ssim\",\"isPartOf\":{\"@id\":\"https:\\\/\\\/fiberfib.com\\\/ca\\\/#website\"},\"datePublished\":\"2023-12-14T14:02:44+00:00\",\"dateModified\":\"2024-01-12T08:14:59+00:00\",\"breadcrumb\":{\"@id\":\"https:\\\/\\\/fiberfib.com\\\/ca\\\/estacions-hora\\\/#breadcrumb\"},\"inLanguage\":\"va-VA\",\"potentialAction\":[{\"@type\":\"ReadAction\",\"target\":[\"https:\\\/\\\/fiberfib.com\\\/ca\\\/estacions-hora\\\/\"]}]},{\"@type\":\"BreadcrumbList\",\"@id\":\"https:\\\/\\\/fiberfib.com\\\/ca\\\/estacions-hora\\\/#breadcrumb\",\"itemListElement\":[{\"@type\":\"ListItem\",\"position\":1,\"name\":\"Portada\",\"item\":\"https:\\\/\\\/fiberfib.com\\\/ca\\\/\"},{\"@type\":\"ListItem\",\"position\":2,\"name\":\"Estacions hora\"}]},{\"@type\":\"WebSite\",\"@id\":\"https:\\\/\\\/fiberfib.com\\\/ca\\\/#website\",\"url\":\"https:\\\/\\\/fiberfib.com\\\/ca\\\/\",\"name\":\"FIB Benic\u00e0ssim\",\"description\":\"16\u201418 JUL 2026. Benic\u00e0ssim, Castell\u00f3n.\",\"potentialAction\":[{\"@type\":\"SearchAction\",\"target\":{\"@type\":\"EntryPoint\",\"urlTemplate\":\"https:\\\/\\\/fiberfib.com\\\/ca\\\/?s={search_term_string}\"},\"query-input\":{\"@type\":\"PropertyValueSpecification\",\"valueRequired\":true,\"valueName\":\"search_term_string\"}}],\"inLanguage\":\"va-VA\"}]}<\/script>\n<!-- \/ Yoast SEO Premium plugin. -->","yoast_head_json":{"title":"Estacions hora - FIB Benic\u00e0ssim","robots":{"index":"index","follow":"follow","max-snippet":"max-snippet:-1","max-image-preview":"max-image-preview:large","max-video-preview":"max-video-preview:-1"},"canonical":"https:\/\/fiberfib.com\/ca\/estacions-hora\/","og_locale":"en_US","og_type":"article","og_title":"Estacions hora","og_description":"BONS DIES 09 A 16.15H AIX\u00d2 \u00c9S VERITAT BONS DIES 16.15 A 09H AIX\u00d2 \u00c9S VERITAT","og_url":"https:\/\/fiberfib.com\/ca\/estacions-hora\/","og_site_name":"FIB Benic\u00e0ssim","article_modified_time":"2024-01-12T08:14:59+00:00","twitter_card":"summary_large_image","schema":{"@context":"https:\/\/schema.org","@graph":[{"@type":"WebPage","@id":"https:\/\/fiberfib.com\/ca\/estacions-hora\/","url":"https:\/\/fiberfib.com\/ca\/estacions-hora\/","name":"Estacions hora - FIB Benic\u00e0ssim","isPartOf":{"@id":"https:\/\/fiberfib.com\/ca\/#website"},"datePublished":"2023-12-14T14:02:44+00:00","dateModified":"2024-01-12T08:14:59+00:00","breadcrumb":{"@id":"https:\/\/fiberfib.com\/ca\/estacions-hora\/#breadcrumb"},"inLanguage":"va-VA","potentialAction":[{"@type":"ReadAction","target":["https:\/\/fiberfib.com\/ca\/estacions-hora\/"]}]},{"@type":"BreadcrumbList","@id":"https:\/\/fiberfib.com\/ca\/estacions-hora\/#breadcrumb","itemListElement":[{"@type":"ListItem","position":1,"name":"Portada","item":"https:\/\/fiberfib.com\/ca\/"},{"@type":"ListItem","position":2,"name":"Estacions hora"}]},{"@type":"WebSite","@id":"https:\/\/fiberfib.com\/ca\/#website","url":"https:\/\/fiberfib.com\/ca\/","name":"FIB Benic\u00e0ssim","description":"16\u201418 JUL 2026. Benic\u00e0ssim, Castell\u00f3n.","potentialAction":[{"@type":"SearchAction","target":{"@type":"EntryPoint","urlTemplate":"https:\/\/fiberfib.com\/ca\/?s={search_term_string}"},"query-input":{"@type":"PropertyValueSpecification","valueRequired":true,"valueName":"search_term_string"}}],"inLanguage":"va-VA"}]}},"_links":{"self":[{"href":"https:\/\/fiberfib.com\/ca\/wp-json\/wp\/v2\/pages\/8563","targetHints":{"allow":["GET"]}}],"collection":[{"href":"https:\/\/fiberfib.com\/ca\/wp-json\/wp\/v2\/pages"}],"about":[{"href":"https:\/\/fiberfib.com\/ca\/wp-json\/wp\/v2\/types\/page"}],"author":[{"embeddable":true,"href":"https:\/\/fiberfib.com\/ca\/wp-json\/wp\/v2\/users\/1"}],"replies":[{"embeddable":true,"href":"https:\/\/fiberfib.com\/ca\/wp-json\/wp\/v2\/comments?post=8563"}],"version-history":[{"count":1,"href":"https:\/\/fiberfib.com\/ca\/wp-json\/wp\/v2\/pages\/8563\/revisions"}],"predecessor-version":[{"id":8566,"href":"https:\/\/fiberfib.com\/ca\/wp-json\/wp\/v2\/pages\/8563\/revisions\/8566"}],"wp:attachment":[{"href":"https:\/\/fiberfib.com\/ca\/wp-json\/wp\/v2\/media?parent=8563"}],"curies":[{"name":"wp","href":"https:\/\/api.w.org\/{rel}","templated":true}]}}