{"id":3597,"date":"2022-09-26T11:43:43","date_gmt":"2022-09-26T11:43:43","guid":{"rendered":"https:\/\/fiberfib.kinsta.cloud\/fib\/"},"modified":"2023-06-19T18:20:54","modified_gmt":"2023-06-19T18:20:54","slug":"fib","status":"publish","type":"page","link":"https:\/\/fiberfib.com\/ca\/fib\/","title":{"rendered":"FIB"},"content":{"rendered":"","protected":true},"excerpt":{"rendered":"","protected":true},"author":1,"featured_media":782,"parent":0,"menu_order":0,"comment_status":"closed","ping_status":"closed","template":"","meta":{"footnotes":""},"class_list":["post-3597","page","type-page","status-publish","post-password-required","hentry"],"yoast_head":"<!-- This site is optimized with the Yoast SEO Premium plugin v27.3 (Yoast SEO v27.3) - https:\/\/yoast.com\/product\/yoast-seo-premium-wordpress\/ -->\n<title>FIB | 13 \u2014 16 Julio 2023, Benic\u00e0ssim<\/title>\n<meta name=\"description\" content=\"El FIB es uno de los festivales de m\u00fasica m\u00e1s legendarios de Espa\u00f1a. El festival se celebrar\u00e1 del 13 al 16 de Julio de 2023 en Benic\u00e0ssim..\" \/>\n<meta name=\"robots\" content=\"index, follow, max-snippet:-1, max-image-preview:large, max-video-preview:-1\" \/>\n<link rel=\"canonical\" href=\"https:\/\/fiberfib.com\/ca\/fib\/\" \/>\n<meta property=\"og:locale\" content=\"en_US\" \/>\n<meta property=\"og:type\" content=\"article\" \/>\n<meta property=\"og:title\" content=\"FIB\" \/>\n<meta property=\"og:description\" content=\"El FIB es uno de los festivales de m\u00fasica m\u00e1s legendarios de Espa\u00f1a. El festival se celebrar\u00e1 del 13 al 16 de Julio de 2023 en Benic\u00e0ssim..\" \/>\n<meta property=\"og:url\" content=\"https:\/\/fiberfib.com\/ca\/fib\/\" \/>\n<meta property=\"og:site_name\" content=\"FIB Benic\u00e0ssim\" \/>\n<meta property=\"article:modified_time\" content=\"2023-06-19T18:20:54+00:00\" \/>\n<meta name=\"twitter:card\" content=\"summary_large_image\" \/>\n<meta name=\"twitter:label1\" content=\"Est. reading time\" \/>\n\t<meta name=\"twitter:data1\" content=\"2 minutes\" \/>\n<script type=\"application\/ld+json\" class=\"yoast-schema-graph\">{\"@context\":\"https:\\\/\\\/schema.org\",\"@graph\":[{\"@type\":\"WebPage\",\"@id\":\"https:\\\/\\\/fiberfib.com\\\/ca\\\/fib\\\/\",\"url\":\"https:\\\/\\\/fiberfib.com\\\/ca\\\/fib\\\/\",\"name\":\"FIB | 13 \u2014 16 Julio 2023, Benic\u00e0ssim\",\"isPartOf\":{\"@id\":\"https:\\\/\\\/fiberfib.com\\\/ca\\\/#website\"},\"datePublished\":\"2022-09-26T11:43:43+00:00\",\"dateModified\":\"2023-06-19T18:20:54+00:00\",\"breadcrumb\":{\"@id\":\"https:\\\/\\\/fiberfib.com\\\/ca\\\/fib\\\/#breadcrumb\"},\"inLanguage\":\"va-VA\"},{\"@type\":\"WebSite\",\"@id\":\"https:\\\/\\\/fiberfib.com\\\/ca\\\/#website\",\"url\":\"https:\\\/\\\/fiberfib.com\\\/ca\\\/\",\"name\":\"FIB Benic\u00e0ssim\",\"description\":\"16\u201418 JUL 2026. Benic\u00e0ssim, Castell\u00f3n.\",\"potentialAction\":[{\"@type\":\"SearchAction\",\"target\":{\"@type\":\"EntryPoint\",\"urlTemplate\":\"https:\\\/\\\/fiberfib.com\\\/ca\\\/?s={search_term_string}\"},\"query-input\":{\"@type\":\"PropertyValueSpecification\",\"valueRequired\":true,\"valueName\":\"search_term_string\"}}],\"inLanguage\":\"va-VA\"}]}<\/script>\n<!-- \/ Yoast SEO Premium plugin. -->","yoast_head_json":{"title":"FIB | 13 \u2014 16 Julio 2023, Benic\u00e0ssim","description":"El FIB es uno de los festivales de m\u00fasica m\u00e1s legendarios de Espa\u00f1a. El festival se celebrar\u00e1 del 13 al 16 de Julio de 2023 en Benic\u00e0ssim..","robots":{"index":"index","follow":"follow","max-snippet":"max-snippet:-1","max-image-preview":"max-image-preview:large","max-video-preview":"max-video-preview:-1"},"canonical":"https:\/\/fiberfib.com\/ca\/fib\/","og_locale":"en_US","og_type":"article","og_title":"FIB","og_description":"El FIB es uno de los festivales de m\u00fasica m\u00e1s legendarios de Espa\u00f1a. El festival se celebrar\u00e1 del 13 al 16 de Julio de 2023 en Benic\u00e0ssim..","og_url":"https:\/\/fiberfib.com\/ca\/fib\/","og_site_name":"FIB Benic\u00e0ssim","article_modified_time":"2023-06-19T18:20:54+00:00","twitter_card":"summary_large_image","twitter_misc":{"Est. reading time":"2 minutes"},"schema":{"@context":"https:\/\/schema.org","@graph":[{"@type":"WebPage","@id":"https:\/\/fiberfib.com\/ca\/fib\/","url":"https:\/\/fiberfib.com\/ca\/fib\/","name":"FIB | 13 \u2014 16 Julio 2023, Benic\u00e0ssim","isPartOf":{"@id":"https:\/\/fiberfib.com\/ca\/#website"},"datePublished":"2022-09-26T11:43:43+00:00","dateModified":"2023-06-19T18:20:54+00:00","breadcrumb":{"@id":"https:\/\/fiberfib.com\/ca\/fib\/#breadcrumb"},"inLanguage":"va-VA"},{"@type":"WebSite","@id":"https:\/\/fiberfib.com\/ca\/#website","url":"https:\/\/fiberfib.com\/ca\/","name":"FIB Benic\u00e0ssim","description":"16\u201418 JUL 2026. Benic\u00e0ssim, Castell\u00f3n.","potentialAction":[{"@type":"SearchAction","target":{"@type":"EntryPoint","urlTemplate":"https:\/\/fiberfib.com\/ca\/?s={search_term_string}"},"query-input":{"@type":"PropertyValueSpecification","valueRequired":true,"valueName":"search_term_string"}}],"inLanguage":"va-VA"}]}},"_links":{"self":[{"href":"https:\/\/fiberfib.com\/ca\/wp-json\/wp\/v2\/pages\/3597","targetHints":{"allow":["GET"]}}],"collection":[{"href":"https:\/\/fiberfib.com\/ca\/wp-json\/wp\/v2\/pages"}],"about":[{"href":"https:\/\/fiberfib.com\/ca\/wp-json\/wp\/v2\/types\/page"}],"author":[{"embeddable":true,"href":"https:\/\/fiberfib.com\/ca\/wp-json\/wp\/v2\/users\/1"}],"replies":[{"embeddable":true,"href":"https:\/\/fiberfib.com\/ca\/wp-json\/wp\/v2\/comments?post=3597"}],"version-history":[{"count":23,"href":"https:\/\/fiberfib.com\/ca\/wp-json\/wp\/v2\/pages\/3597\/revisions"}],"predecessor-version":[{"id":5016,"href":"https:\/\/fiberfib.com\/ca\/wp-json\/wp\/v2\/pages\/3597\/revisions\/5016"}],"wp:featuredmedia":[{"embeddable":true,"href":"https:\/\/fiberfib.com\/ca\/wp-json\/wp\/v2\/media\/782"}],"wp:attachment":[{"href":"https:\/\/fiberfib.com\/ca\/wp-json\/wp\/v2\/media?parent=3597"}],"curies":[{"name":"wp","href":"https:\/\/api.w.org\/{rel}","templated":true}]}}