{"id":18962,"date":"2025-10-27T15:10:11","date_gmt":"2025-10-27T14:10:11","guid":{"rendered":"https:\/\/fiberfib.kinsta.cloud\/info-3\/"},"modified":"2025-11-25T10:48:12","modified_gmt":"2025-11-25T09:48:12","slug":"info-3","status":"publish","type":"page","link":"https:\/\/fiberfib.com\/ca\/info-3\/","title":{"rendered":"Info"},"content":{"rendered":"\t\t<div data-elementor-type=\"wp-page\" data-elementor-id=\"18962\" class=\"elementor elementor-18962 elementor-17456\" data-elementor-post-type=\"page\">\n\t\t\t\t<div class=\"elementor-element elementor-element-ab701c8 e-con-full e-flex e-con e-parent\" data-id=\"ab701c8\" data-element_type=\"container\" data-e-type=\"container\" data-settings=\"{&quot;background_background&quot;:&quot;classic&quot;}\">\n\t\t\t\t<div class=\"elementor-element elementor-element-d73f1d9 sombra-xl elementor-widget elementor-widget-heading\" data-id=\"d73f1d9\" data-element_type=\"widget\" data-e-type=\"widget\" data-widget_type=\"heading.default\">\n\t\t\t\t<div class=\"elementor-widget-container\">\n\t\t\t\t\t<p class=\"elementor-heading-title elementor-size-default\">INFO<\/p>\t\t\t\t<\/div>\n\t\t\t\t<\/div>\n\t\t\t\t<\/div>\n\t\t<div class=\"elementor-element elementor-element-e243eb3 e-con-full e-flex e-con e-parent\" data-id=\"e243eb3\" data-element_type=\"container\" data-e-type=\"container\" data-settings=\"{&quot;background_background&quot;:&quot;classic&quot;}\">\n\t\t<div class=\"elementor-element elementor-element-508440d e-flex e-con-boxed e-con e-child\" data-id=\"508440d\" data-element_type=\"container\" data-e-type=\"container\">\n\t\t\t\t\t<div class=\"e-con-inner\">\n\t\t\t\t<div class=\"elementor-element elementor-element-0e5ea17 a elementor-widget elementor-widget-heading\" data-id=\"0e5ea17\" data-element_type=\"widget\" data-e-type=\"widget\" data-widget_type=\"heading.default\">\n\t\t\t\t<div class=\"elementor-widget-container\">\n\t\t\t\t\t<h3 class=\"elementor-heading-title elementor-size-default\">El Festival Internacional de Benic\u00e0ssim \u00e9s un festival de m\u00fasica, pop, rock, indie, electr\u00f2nica i altres tipus, a m\u00e9s d'altres activitats que se celebra a la localitat de Benicasim (prov\u00edncia de Castell\u00f3, Comunitat Valenciana, Espanya) cada any des de 1995.  <\/h3>\t\t\t\t<\/div>\n\t\t\t\t<\/div>\n\t\t\t\t\t<\/div>\n\t\t\t\t<\/div>\n\t\t\t\t<\/div>\n\t\t<div class=\"elementor-element elementor-element-480869f e-con-full e-flex e-con e-parent\" data-id=\"480869f\" data-element_type=\"container\" data-e-type=\"container\">\n\t\t<div class=\"elementor-element elementor-element-fe3d314 e-con-full e-flex e-con e-child\" data-id=\"fe3d314\" data-element_type=\"container\" data-e-type=\"container\" data-settings=\"{&quot;background_background&quot;:&quot;classic&quot;}\">\n\t\t<div class=\"elementor-element elementor-element-05adef6 e-flex e-con-boxed e-con e-child\" data-id=\"05adef6\" data-element_type=\"container\" data-e-type=\"container\">\n\t\t\t\t\t<div class=\"e-con-inner\">\n\t\t<div class=\"elementor-element elementor-element-4c6f256 e-con-full e-flex e-con e-child\" data-id=\"4c6f256\" data-element_type=\"container\" data-e-type=\"container\">\n\t\t<div class=\"elementor-element elementor-element-0f081e8 e-con-full e-flex e-con e-child\" data-id=\"0f081e8\" data-element_type=\"container\" data-e-type=\"container\" data-settings=\"{&quot;background_background&quot;:&quot;classic&quot;}\">\n\t\t\t\t<div class=\"elementor-element elementor-element-ba253bf sombra-s elementor-widget elementor-widget-heading\" data-id=\"ba253bf\" data-element_type=\"widget\" data-e-type=\"widget\" data-widget_type=\"heading.default\">\n\t\t\t\t<div class=\"elementor-widget-container\">\n\t\t\t\t\t<h3 class=\"elementor-heading-title elementor-size-default\">CONTACTE<\/h3>\t\t\t\t<\/div>\n\t\t\t\t<\/div>\n\t\t\t\t<\/div>\n\t\t<div class=\"elementor-element elementor-element-e6bc78a e-con-full e-flex e-con e-child\" data-id=\"e6bc78a\" data-element_type=\"container\" data-e-type=\"container\" data-settings=\"{&quot;background_background&quot;:&quot;classic&quot;}\">\n\t\t\t\t<div class=\"elementor-element elementor-element-311e8cd elementor-widget elementor-widget-text-editor\" data-id=\"311e8cd\" data-element_type=\"widget\" data-e-type=\"widget\" data-widget_type=\"text-editor.default\">\n\t\t\t\t<div class=\"elementor-widget-container\">\n\t\t\t\t\t\t\t\t\t<p>Si continueu tenint dubtes, consulteu tots els contactes del festival per posar-vos en contacte amb el departament que necessiteu.<\/p>\t\t\t\t\t\t\t\t<\/div>\n\t\t\t\t<\/div>\n\t\t\t\t<\/div>\n\t\t<div class=\"elementor-element elementor-element-a3edc0e e-con-full e-flex e-con e-child\" data-id=\"a3edc0e\" data-element_type=\"container\" data-e-type=\"container\" data-settings=\"{&quot;background_background&quot;:&quot;classic&quot;}\">\n\t\t\t\t<div class=\"elementor-element elementor-element-291c9b7 elementor-align-center elementor-widget elementor-widget-button\" data-id=\"291c9b7\" data-element_type=\"widget\" data-e-type=\"widget\" data-widget_type=\"button.default\">\n\t\t\t\t<div class=\"elementor-widget-container\">\n\t\t\t\t\t\t\t\t\t<div class=\"elementor-button-wrapper\">\n\t\t\t\t\t<a class=\"elementor-button elementor-button-link elementor-size-sm\" href=\"https:\/\/fiberfib.com\/ca\/info-3\/contacte\/\">\n\t\t\t\t\t\t<span class=\"elementor-button-content-wrapper\">\n\t\t\t\t\t\t\t\t\t<span class=\"elementor-button-text\">+INFO<\/span>\n\t\t\t\t\t<\/span>\n\t\t\t\t\t<\/a>\n\t\t\t\t<\/div>\n\t\t\t\t\t\t\t\t<\/div>\n\t\t\t\t<\/div>\n\t\t\t\t<\/div>\n\t\t\t\t<\/div>\n\t\t<div class=\"elementor-element elementor-element-e3ca713 e-con-full e-flex e-con e-child\" data-id=\"e3ca713\" data-element_type=\"container\" data-e-type=\"container\">\n\t\t<div class=\"elementor-element elementor-element-e2e548a e-con-full e-flex e-con e-child\" data-id=\"e2e548a\" data-element_type=\"container\" data-e-type=\"container\" data-settings=\"{&quot;background_background&quot;:&quot;classic&quot;}\">\n\t\t\t\t<div class=\"elementor-element elementor-element-409ba88 sombra-s elementor-widget elementor-widget-heading\" data-id=\"409ba88\" data-element_type=\"widget\" data-e-type=\"widget\" data-widget_type=\"heading.default\">\n\t\t\t\t<div class=\"elementor-widget-container\">\n\t\t\t\t\t<h3 class=\"elementor-heading-title elementor-size-default\">COM ARRIBAR<\/h3>\t\t\t\t<\/div>\n\t\t\t\t<\/div>\n\t\t\t\t<\/div>\n\t\t<div class=\"elementor-element elementor-element-467981c e-con-full e-flex e-con e-child\" data-id=\"467981c\" data-element_type=\"container\" data-e-type=\"container\" data-settings=\"{&quot;background_background&quot;:&quot;classic&quot;}\">\n\t\t\t\t<div class=\"elementor-element elementor-element-c8da319 elementor-widget elementor-widget-text-editor\" data-id=\"c8da319\" data-element_type=\"widget\" data-e-type=\"widget\" data-widget_type=\"text-editor.default\">\n\t\t\t\t<div class=\"elementor-widget-container\">\n\t\t\t\t\t\t\t\t\t<p>Vingues amb cotxe, bici, tren o bus, consulta la nostra guia per arribar tant a la ciutat com al festival un cop has arribat a Benic\u00e0ssim<\/p>\t\t\t\t\t\t\t\t<\/div>\n\t\t\t\t<\/div>\n\t\t\t\t<\/div>\n\t\t<div class=\"elementor-element elementor-element-460c979 e-con-full e-flex e-con e-child\" data-id=\"460c979\" data-element_type=\"container\" data-e-type=\"container\" data-settings=\"{&quot;background_background&quot;:&quot;classic&quot;}\">\n\t\t\t\t<div class=\"elementor-element elementor-element-3f38556 elementor-align-center elementor-widget elementor-widget-button\" data-id=\"3f38556\" data-element_type=\"widget\" data-e-type=\"widget\" data-widget_type=\"button.default\">\n\t\t\t\t<div class=\"elementor-widget-container\">\n\t\t\t\t\t\t\t\t\t<div class=\"elementor-button-wrapper\">\n\t\t\t\t\t<a class=\"elementor-button elementor-button-link elementor-size-sm\" href=\"#\">\n\t\t\t\t\t\t<span class=\"elementor-button-content-wrapper\">\n\t\t\t\t\t\t\t\t\t<span class=\"elementor-button-text\">SOON<\/span>\n\t\t\t\t\t<\/span>\n\t\t\t\t\t<\/a>\n\t\t\t\t<\/div>\n\t\t\t\t\t\t\t\t<\/div>\n\t\t\t\t<\/div>\n\t\t\t\t<\/div>\n\t\t\t\t<\/div>\n\t\t<div class=\"elementor-element elementor-element-88da102 e-con-full e-flex e-con e-child\" data-id=\"88da102\" data-element_type=\"container\" data-e-type=\"container\">\n\t\t<div class=\"elementor-element elementor-element-a854c90 e-con-full e-flex e-con e-child\" data-id=\"a854c90\" data-element_type=\"container\" data-e-type=\"container\" data-settings=\"{&quot;background_background&quot;:&quot;classic&quot;}\">\n\t\t\t\t<div class=\"elementor-element elementor-element-ab03471 sombra-s elementor-widget elementor-widget-heading\" data-id=\"ab03471\" data-element_type=\"widget\" data-e-type=\"widget\" data-widget_type=\"heading.default\">\n\t\t\t\t<div class=\"elementor-widget-container\">\n\t\t\t\t\t<h3 class=\"elementor-heading-title elementor-size-default\">BENIC\u00c0SSIM<\/h3>\t\t\t\t<\/div>\n\t\t\t\t<\/div>\n\t\t\t\t<\/div>\n\t\t<div class=\"elementor-element elementor-element-1a0ef83 e-con-full e-flex e-con e-child\" data-id=\"1a0ef83\" data-element_type=\"container\" data-e-type=\"container\" data-settings=\"{&quot;background_background&quot;:&quot;classic&quot;}\">\n\t\t\t\t<div class=\"elementor-element elementor-element-a0cea82 elementor-widget elementor-widget-text-editor\" data-id=\"a0cea82\" data-element_type=\"widget\" data-e-type=\"widget\" data-widget_type=\"text-editor.default\">\n\t\t\t\t<div class=\"elementor-widget-container\">\n\t\t\t\t\t\t\t\t\t<p>Aprofita el teu pas pel festival per con\u00e8ixer una de les zones m\u00e9s interessants de la costa mediterr\u00e0nia. No et perdis res!<\/p>\t\t\t\t\t\t\t\t<\/div>\n\t\t\t\t<\/div>\n\t\t\t\t<\/div>\n\t\t<div class=\"elementor-element elementor-element-a617763 e-con-full e-flex e-con e-child\" data-id=\"a617763\" data-element_type=\"container\" data-e-type=\"container\" data-settings=\"{&quot;background_background&quot;:&quot;classic&quot;}\">\n\t\t\t\t<div class=\"elementor-element elementor-element-51f990a elementor-align-center elementor-widget elementor-widget-button\" data-id=\"51f990a\" data-element_type=\"widget\" data-e-type=\"widget\" data-widget_type=\"button.default\">\n\t\t\t\t<div class=\"elementor-widget-container\">\n\t\t\t\t\t\t\t\t\t<div class=\"elementor-button-wrapper\">\n\t\t\t\t\t<a class=\"elementor-button elementor-button-link elementor-size-sm\" href=\"#\">\n\t\t\t\t\t\t<span class=\"elementor-button-content-wrapper\">\n\t\t\t\t\t\t\t\t\t<span class=\"elementor-button-text\">SOON<\/span>\n\t\t\t\t\t<\/span>\n\t\t\t\t\t<\/a>\n\t\t\t\t<\/div>\n\t\t\t\t\t\t\t\t<\/div>\n\t\t\t\t<\/div>\n\t\t\t\t<\/div>\n\t\t\t\t<\/div>\n\t\t<div class=\"elementor-element elementor-element-a723f2c e-con-full e-flex e-con e-child\" data-id=\"a723f2c\" data-element_type=\"container\" data-e-type=\"container\">\n\t\t<div class=\"elementor-element elementor-element-33fb6e0 e-con-full e-flex e-con e-child\" data-id=\"33fb6e0\" data-element_type=\"container\" data-e-type=\"container\" data-settings=\"{&quot;background_background&quot;:&quot;classic&quot;}\">\n\t\t\t\t<div class=\"elementor-element elementor-element-53e4978 sombra-s elementor-widget elementor-widget-heading\" data-id=\"53e4978\" data-element_type=\"widget\" data-e-type=\"widget\" data-widget_type=\"heading.default\">\n\t\t\t\t<div class=\"elementor-widget-container\">\n\t\t\t\t\t<h3 class=\"elementor-heading-title elementor-size-default\">FAQ<\/h3>\t\t\t\t<\/div>\n\t\t\t\t<\/div>\n\t\t\t\t<\/div>\n\t\t<div class=\"elementor-element elementor-element-00983ec e-con-full e-flex e-con e-child\" data-id=\"00983ec\" data-element_type=\"container\" data-e-type=\"container\" data-settings=\"{&quot;background_background&quot;:&quot;classic&quot;}\">\n\t\t\t\t<div class=\"elementor-element elementor-element-da3bcd1 elementor-widget elementor-widget-text-editor\" data-id=\"da3bcd1\" data-element_type=\"widget\" data-e-type=\"widget\" data-widget_type=\"text-editor.default\">\n\t\t\t\t<div class=\"elementor-widget-container\">\n\t\t\t\t\t\t\t\t\t<p>Tens m\u00e9s dubtes? Si tens algun dubte relacionat amb el festival, fes clic en aquest bot\u00f3 per resoldre&#8217;ls. <\/p>\t\t\t\t\t\t\t\t<\/div>\n\t\t\t\t<\/div>\n\t\t\t\t<\/div>\n\t\t<div class=\"elementor-element elementor-element-92b7309 e-con-full e-flex e-con e-child\" data-id=\"92b7309\" data-element_type=\"container\" data-e-type=\"container\" data-settings=\"{&quot;background_background&quot;:&quot;classic&quot;}\">\n\t\t\t\t<div class=\"elementor-element elementor-element-5ed9642 elementor-align-center elementor-widget elementor-widget-button\" data-id=\"5ed9642\" data-element_type=\"widget\" data-e-type=\"widget\" data-widget_type=\"button.default\">\n\t\t\t\t<div class=\"elementor-widget-container\">\n\t\t\t\t\t\t\t\t\t<div class=\"elementor-button-wrapper\">\n\t\t\t\t\t<a class=\"elementor-button elementor-button-link elementor-size-sm\" href=\"#\">\n\t\t\t\t\t\t<span class=\"elementor-button-content-wrapper\">\n\t\t\t\t\t\t\t\t\t<span class=\"elementor-button-text\">SOON<\/span>\n\t\t\t\t\t<\/span>\n\t\t\t\t\t<\/a>\n\t\t\t\t<\/div>\n\t\t\t\t\t\t\t\t<\/div>\n\t\t\t\t<\/div>\n\t\t\t\t<\/div>\n\t\t\t\t<\/div>\n\t\t\t\t\t<\/div>\n\t\t\t\t<\/div>\n\t\t\t\t<\/div>\n\t\t\t\t<\/div>\n\t\t\t\t<\/div>\n\t\t","protected":false},"excerpt":{"rendered":"<p>INFO El Festival Internacional de Benic\u00e0ssim \u00e9s un festival de m\u00fasica, pop, rock, indie, electr\u00f2nica i altres tipus, a m\u00e9s d&#8217;altres activitats que se celebra a la localitat de Benicasim (prov\u00edncia de Castell\u00f3, Comunitat Valenciana, Espanya) cada any des de 1995. CONTACTE Si continueu tenint dubtes, consulteu tots els contactes del festival per posar-vos en [&hellip;]<\/p>\n","protected":false},"author":1,"featured_media":0,"parent":0,"menu_order":0,"comment_status":"closed","ping_status":"closed","template":"","meta":{"footnotes":""},"class_list":["post-18962","page","type-page","status-publish","hentry"],"yoast_head":"<!-- This site is optimized with the Yoast SEO Premium plugin v27.3 (Yoast SEO v27.3) - https:\/\/yoast.com\/product\/yoast-seo-premium-wordpress\/ -->\n<title>Info - FIB Benic\u00e0ssim<\/title>\n<meta name=\"description\" content=\"Tota la informaci\u00f3 sobre el festival, transport i allotjament a Benic\u00e0ssim a fiberfib.com.\" \/>\n<meta name=\"robots\" content=\"index, follow, max-snippet:-1, max-image-preview:large, max-video-preview:-1\" \/>\n<link rel=\"canonical\" href=\"https:\/\/fiberfib.com\/ca\/info-3\/\" \/>\n<meta property=\"og:locale\" content=\"en_US\" \/>\n<meta property=\"og:type\" content=\"article\" \/>\n<meta property=\"og:title\" content=\"Info\" \/>\n<meta property=\"og:description\" content=\"Tota la informaci\u00f3 sobre el festival, transport i allotjament a Benic\u00e0ssim a fiberfib.com.\" \/>\n<meta property=\"og:url\" content=\"https:\/\/fiberfib.com\/ca\/info-3\/\" \/>\n<meta property=\"og:site_name\" content=\"FIB Benic\u00e0ssim\" \/>\n<meta property=\"article:modified_time\" content=\"2025-11-25T09:48:12+00:00\" \/>\n<meta name=\"twitter:card\" content=\"summary_large_image\" \/>\n<meta name=\"twitter:label1\" content=\"Est. reading time\" \/>\n\t<meta name=\"twitter:data1\" content=\"1 minute\" \/>\n<script type=\"application\/ld+json\" class=\"yoast-schema-graph\">{\"@context\":\"https:\\\/\\\/schema.org\",\"@graph\":[{\"@type\":\"WebPage\",\"@id\":\"https:\\\/\\\/fiberfib.com\\\/ca\\\/info-3\\\/\",\"url\":\"https:\\\/\\\/fiberfib.com\\\/ca\\\/info-3\\\/\",\"name\":\"Info - FIB Benic\u00e0ssim\",\"isPartOf\":{\"@id\":\"https:\\\/\\\/fiberfib.com\\\/ca\\\/#website\"},\"datePublished\":\"2025-10-27T14:10:11+00:00\",\"dateModified\":\"2025-11-25T09:48:12+00:00\",\"description\":\"Tota la informaci\u00f3 sobre el festival, transport i allotjament a Benic\u00e0ssim a fiberfib.com.\",\"breadcrumb\":{\"@id\":\"https:\\\/\\\/fiberfib.com\\\/ca\\\/info-3\\\/#breadcrumb\"},\"inLanguage\":\"va-VA\",\"potentialAction\":[{\"@type\":\"ReadAction\",\"target\":[\"https:\\\/\\\/fiberfib.com\\\/ca\\\/info-3\\\/\"]}]},{\"@type\":\"BreadcrumbList\",\"@id\":\"https:\\\/\\\/fiberfib.com\\\/ca\\\/info-3\\\/#breadcrumb\",\"itemListElement\":[{\"@type\":\"ListItem\",\"position\":1,\"name\":\"Portada\",\"item\":\"https:\\\/\\\/fiberfib.com\\\/ca\\\/\"},{\"@type\":\"ListItem\",\"position\":2,\"name\":\"Info\"}]},{\"@type\":\"WebSite\",\"@id\":\"https:\\\/\\\/fiberfib.com\\\/ca\\\/#website\",\"url\":\"https:\\\/\\\/fiberfib.com\\\/ca\\\/\",\"name\":\"FIB Benic\u00e0ssim\",\"description\":\"16\u201418 JUL 2026. Benic\u00e0ssim, Castell\u00f3n.\",\"potentialAction\":[{\"@type\":\"SearchAction\",\"target\":{\"@type\":\"EntryPoint\",\"urlTemplate\":\"https:\\\/\\\/fiberfib.com\\\/ca\\\/?s={search_term_string}\"},\"query-input\":{\"@type\":\"PropertyValueSpecification\",\"valueRequired\":true,\"valueName\":\"search_term_string\"}}],\"inLanguage\":\"va-VA\"}]}<\/script>\n<!-- \/ Yoast SEO Premium plugin. -->","yoast_head_json":{"title":"Info - FIB Benic\u00e0ssim","description":"Tota la informaci\u00f3 sobre el festival, transport i allotjament a Benic\u00e0ssim a fiberfib.com.","robots":{"index":"index","follow":"follow","max-snippet":"max-snippet:-1","max-image-preview":"max-image-preview:large","max-video-preview":"max-video-preview:-1"},"canonical":"https:\/\/fiberfib.com\/ca\/info-3\/","og_locale":"en_US","og_type":"article","og_title":"Info","og_description":"Tota la informaci\u00f3 sobre el festival, transport i allotjament a Benic\u00e0ssim a fiberfib.com.","og_url":"https:\/\/fiberfib.com\/ca\/info-3\/","og_site_name":"FIB Benic\u00e0ssim","article_modified_time":"2025-11-25T09:48:12+00:00","twitter_card":"summary_large_image","twitter_misc":{"Est. reading time":"1 minute"},"schema":{"@context":"https:\/\/schema.org","@graph":[{"@type":"WebPage","@id":"https:\/\/fiberfib.com\/ca\/info-3\/","url":"https:\/\/fiberfib.com\/ca\/info-3\/","name":"Info - FIB Benic\u00e0ssim","isPartOf":{"@id":"https:\/\/fiberfib.com\/ca\/#website"},"datePublished":"2025-10-27T14:10:11+00:00","dateModified":"2025-11-25T09:48:12+00:00","description":"Tota la informaci\u00f3 sobre el festival, transport i allotjament a Benic\u00e0ssim a fiberfib.com.","breadcrumb":{"@id":"https:\/\/fiberfib.com\/ca\/info-3\/#breadcrumb"},"inLanguage":"va-VA","potentialAction":[{"@type":"ReadAction","target":["https:\/\/fiberfib.com\/ca\/info-3\/"]}]},{"@type":"BreadcrumbList","@id":"https:\/\/fiberfib.com\/ca\/info-3\/#breadcrumb","itemListElement":[{"@type":"ListItem","position":1,"name":"Portada","item":"https:\/\/fiberfib.com\/ca\/"},{"@type":"ListItem","position":2,"name":"Info"}]},{"@type":"WebSite","@id":"https:\/\/fiberfib.com\/ca\/#website","url":"https:\/\/fiberfib.com\/ca\/","name":"FIB Benic\u00e0ssim","description":"16\u201418 JUL 2026. Benic\u00e0ssim, Castell\u00f3n.","potentialAction":[{"@type":"SearchAction","target":{"@type":"EntryPoint","urlTemplate":"https:\/\/fiberfib.com\/ca\/?s={search_term_string}"},"query-input":{"@type":"PropertyValueSpecification","valueRequired":true,"valueName":"search_term_string"}}],"inLanguage":"va-VA"}]}},"_links":{"self":[{"href":"https:\/\/fiberfib.com\/ca\/wp-json\/wp\/v2\/pages\/18962","targetHints":{"allow":["GET"]}}],"collection":[{"href":"https:\/\/fiberfib.com\/ca\/wp-json\/wp\/v2\/pages"}],"about":[{"href":"https:\/\/fiberfib.com\/ca\/wp-json\/wp\/v2\/types\/page"}],"author":[{"embeddable":true,"href":"https:\/\/fiberfib.com\/ca\/wp-json\/wp\/v2\/users\/1"}],"replies":[{"embeddable":true,"href":"https:\/\/fiberfib.com\/ca\/wp-json\/wp\/v2\/comments?post=18962"}],"version-history":[{"count":2,"href":"https:\/\/fiberfib.com\/ca\/wp-json\/wp\/v2\/pages\/18962\/revisions"}],"predecessor-version":[{"id":19027,"href":"https:\/\/fiberfib.com\/ca\/wp-json\/wp\/v2\/pages\/18962\/revisions\/19027"}],"wp:attachment":[{"href":"https:\/\/fiberfib.com\/ca\/wp-json\/wp\/v2\/media?parent=18962"}],"curies":[{"name":"wp","href":"https:\/\/api.w.org\/{rel}","templated":true}]}}