{"id":12620,"date":"2024-11-08T12:48:39","date_gmt":"2024-11-08T11:48:39","guid":{"rendered":"https:\/\/fiberfib.kinsta.cloud\/serveis\/transport\/"},"modified":"2025-04-15T16:01:45","modified_gmt":"2025-04-15T15:01:45","slug":"transport","status":"publish","type":"page","link":"https:\/\/fiberfib.com\/ca\/serveis\/transport\/","title":{"rendered":"Transport"},"content":{"rendered":"\t\t<div data-elementor-type=\"wp-page\" data-elementor-id=\"12620\" class=\"elementor elementor-12620 elementor-12622\" data-elementor-post-type=\"page\">\n\t\t\t\t<div class=\"elementor-element elementor-element-9c7939b e-con-full e-flex e-con e-parent\" data-id=\"9c7939b\" data-element_type=\"container\" data-e-type=\"container\">\n\t\t<div class=\"elementor-element elementor-element-c49446a e-flex e-con-boxed e-con e-child\" data-id=\"c49446a\" data-element_type=\"container\" data-e-type=\"container\" data-settings=\"{&quot;background_background&quot;:&quot;classic&quot;}\">\n\t\t\t\t\t<div class=\"e-con-inner\">\n\t\t<div class=\"elementor-element elementor-element-6e9fa42 e-con-full e-flex e-con e-child\" data-id=\"6e9fa42\" data-element_type=\"container\" data-e-type=\"container\">\n\t\t<div class=\"elementor-element elementor-element-87a47e5 e-con-full e-flex e-con e-child\" data-id=\"87a47e5\" data-element_type=\"container\" data-e-type=\"container\">\n\t\t<div class=\"elementor-element elementor-element-1cee3fe e-con-full e-flex e-con e-child\" data-id=\"1cee3fe\" data-element_type=\"container\" data-e-type=\"container\">\n\t\t\t\t<div class=\"elementor-element elementor-element-427797b elementor-widget elementor-widget-image\" data-id=\"427797b\" data-element_type=\"widget\" data-e-type=\"widget\" data-settings=\"{&quot;motion_fx_motion_fx_scrolling&quot;:&quot;yes&quot;,&quot;motion_fx_translateY_effect&quot;:&quot;yes&quot;,&quot;motion_fx_translateY_direction&quot;:&quot;negative&quot;,&quot;motion_fx_translateY_speed&quot;:{&quot;unit&quot;:&quot;px&quot;,&quot;size&quot;:0.7,&quot;sizes&quot;:[]},&quot;motion_fx_rotateZ_effect&quot;:&quot;yes&quot;,&quot;motion_fx_rotateZ_direction&quot;:&quot;negative&quot;,&quot;motion_fx_rotateZ_speed&quot;:{&quot;unit&quot;:&quot;px&quot;,&quot;size&quot;:0.4,&quot;sizes&quot;:[]},&quot;motion_fx_rotateZ_affectedRange&quot;:{&quot;unit&quot;:&quot;%&quot;,&quot;size&quot;:&quot;&quot;,&quot;sizes&quot;:{&quot;start&quot;:37,&quot;end&quot;:58}},&quot;motion_fx_translateY_affectedRange&quot;:{&quot;unit&quot;:&quot;%&quot;,&quot;size&quot;:&quot;&quot;,&quot;sizes&quot;:{&quot;start&quot;:0,&quot;end&quot;:100}},&quot;motion_fx_devices&quot;:[&quot;desktop&quot;,&quot;tablet&quot;,&quot;mobile&quot;]}\" data-widget_type=\"image.default\">\n\t\t\t\t<div class=\"elementor-widget-container\">\n\t\t\t\t\t\t\t\t\t\t\t\t\t\t\t<img fetchpriority=\"high\" decoding=\"async\" width=\"1786\" height=\"1492\" src=\"https:\/\/fiberfib.com\/wp-content\/uploads\/2024\/11\/IMG-Transporte.png\" class=\"attachment-full size-full wp-image-11735\" alt=\"\" srcset=\"https:\/\/fiberfib.com\/wp-content\/uploads\/2024\/11\/IMG-Transporte.png 1786w, https:\/\/fiberfib.com\/wp-content\/uploads\/2024\/11\/IMG-Transporte-300x251.png 300w, https:\/\/fiberfib.com\/wp-content\/uploads\/2024\/11\/IMG-Transporte-1024x855.png 1024w, https:\/\/fiberfib.com\/wp-content\/uploads\/2024\/11\/IMG-Transporte-768x642.png 768w, https:\/\/fiberfib.com\/wp-content\/uploads\/2024\/11\/IMG-Transporte-1536x1283.png 1536w\" sizes=\"(max-width: 1786px) 100vw, 1786px\" \/>\t\t\t\t\t\t\t\t\t\t\t\t\t\t\t<\/div>\n\t\t\t\t<\/div>\n\t\t\t\t<\/div>\n\t\t\t\t<\/div>\n\t\t<div class=\"elementor-element elementor-element-570cbe1 e-con-full e-flex e-con e-child\" data-id=\"570cbe1\" data-element_type=\"container\" data-e-type=\"container\">\n\t\t<div class=\"elementor-element elementor-element-0bbe943 e-con-full e-flex e-con e-child\" data-id=\"0bbe943\" data-element_type=\"container\" data-e-type=\"container\">\n\t\t<div class=\"elementor-element elementor-element-9d4ac58 e-con-full e-transform e-flex e-con e-child\" data-id=\"9d4ac58\" data-element_type=\"container\" data-e-type=\"container\" data-settings=\"{&quot;_transform_rotateZ_effect&quot;:{&quot;unit&quot;:&quot;px&quot;,&quot;size&quot;:-2,&quot;sizes&quot;:[]},&quot;_transform_rotateZ_effect_tablet&quot;:{&quot;unit&quot;:&quot;deg&quot;,&quot;size&quot;:-2,&quot;sizes&quot;:[]},&quot;_transform_rotateZ_effect_mobile&quot;:{&quot;unit&quot;:&quot;deg&quot;,&quot;size&quot;:&quot;&quot;,&quot;sizes&quot;:[]}}\">\n\t\t\t\t<div class=\"elementor-element elementor-element-bae6cc5 elementor-widget elementor-widget-text-editor\" data-id=\"bae6cc5\" data-element_type=\"widget\" data-e-type=\"widget\" data-widget_type=\"text-editor.default\">\n\t\t\t\t<div class=\"elementor-widget-container\">\n\t\t\t\t\t\t\t\t\t<p>TRANSPORT<\/p>\n\t\t\t\t\t\t\t\t<\/div>\n\t\t\t\t<\/div>\n\t\t\t\t<div class=\"elementor-element elementor-element-39515c3 elementor-widget elementor-widget-text-editor\" data-id=\"39515c3\" data-element_type=\"widget\" data-e-type=\"widget\" data-widget_type=\"text-editor.default\">\n\t\t\t\t<div class=\"elementor-widget-container\">\n\t\t\t\t\t\t\t\t\t<p>TRANSPORT<\/p>\n\t\t\t\t\t\t\t\t<\/div>\n\t\t\t\t<\/div>\n\t\t\t\t<\/div>\n\t\t<div class=\"elementor-element elementor-element-c6e1068 e-con-full e-flex e-con e-child\" data-id=\"c6e1068\" data-element_type=\"container\" data-e-type=\"container\">\n\t\t\t\t<div class=\"elementor-element elementor-element-75f7831 elementor-widget-mobile__width-initial elementor-widget elementor-widget-text-editor\" data-id=\"75f7831\" data-element_type=\"widget\" data-e-type=\"widget\" data-widget_type=\"text-editor.default\">\n\t\t\t\t<div class=\"elementor-widget-container\">\n\t\t\t\t\t\t\t\t\t<p>Viatja des de Benic\u00e0ssim, Castell\u00f3, Oropesa o Val\u00e8ncia fins al recinte. Consulteu totes les opcions per arribar al festival! <\/p>\n\t\t\t\t\t\t\t\t<\/div>\n\t\t\t\t<\/div>\n\t\t\t\t<\/div>\n\t\t\t\t<\/div>\n\t\t<div class=\"elementor-element elementor-element-38381f1 e-con-full e-flex e-con e-child\" data-id=\"38381f1\" data-element_type=\"container\" data-e-type=\"container\">\n\t\t\t\t<div class=\"elementor-element elementor-element-5e91d00 elementor-align-left elementor-widget elementor-widget-button\" data-id=\"5e91d00\" data-element_type=\"widget\" data-e-type=\"widget\" data-widget_type=\"button.default\">\n\t\t\t\t<div class=\"elementor-widget-container\">\n\t\t\t\t\t\t\t\t\t<div class=\"elementor-button-wrapper\">\n\t\t\t\t\t<a class=\"elementor-button elementor-button-link elementor-size-sm elementor-animation-grow\" href=\"https:\/\/venta.enterticket.es\/comprar\/complemento?hash=oXMpzbBvnMFN0HzBnV9Rzg%3D%3D\">\n\t\t\t\t\t\t<span class=\"elementor-button-content-wrapper\">\n\t\t\t\t\t\t\t\t\t<span class=\"elementor-button-text\">COMPRAR<\/span>\n\t\t\t\t\t<\/span>\n\t\t\t\t\t<\/a>\n\t\t\t\t<\/div>\n\t\t\t\t\t\t\t\t<\/div>\n\t\t\t\t<\/div>\n\t\t\t\t<\/div>\n\t\t\t\t<\/div>\n\t\t\t\t<\/div>\n\t\t\t\t\t<\/div>\n\t\t\t\t<\/div>\n\t\t\t\t<\/div>\n\t\t<div class=\"elementor-element elementor-element-8ceb40f e-con-full e-flex e-con e-parent\" data-id=\"8ceb40f\" data-element_type=\"container\" data-e-type=\"container\" data-settings=\"{&quot;background_background&quot;:&quot;classic&quot;}\">\n\t\t<div class=\"elementor-element elementor-element-685ce57 e-con-full e-flex e-con e-child\" data-id=\"685ce57\" data-element_type=\"container\" data-e-type=\"container\" data-settings=\"{&quot;motion_fx_motion_fx_scrolling&quot;:&quot;yes&quot;,&quot;motion_fx_range&quot;:&quot;viewport&quot;,&quot;motion_fx_devices&quot;:[&quot;desktop&quot;,&quot;tablet&quot;,&quot;mobile&quot;]}\">\n\t\t<div class=\"elementor-element elementor-element-24576b8 e-con-full e-transform e-transform e-flex e-con e-child\" data-id=\"24576b8\" data-element_type=\"container\" data-e-type=\"container\" data-settings=\"{&quot;background_background&quot;:&quot;classic&quot;,&quot;_transform_rotateZ_effect&quot;:{&quot;unit&quot;:&quot;px&quot;,&quot;size&quot;:-1,&quot;sizes&quot;:[]},&quot;_transform_scale_effect&quot;:{&quot;unit&quot;:&quot;px&quot;,&quot;size&quot;:1.05,&quot;sizes&quot;:[]},&quot;_transform_rotateZ_effect_tablet&quot;:{&quot;unit&quot;:&quot;deg&quot;,&quot;size&quot;:&quot;&quot;,&quot;sizes&quot;:[]},&quot;_transform_rotateZ_effect_mobile&quot;:{&quot;unit&quot;:&quot;deg&quot;,&quot;size&quot;:&quot;&quot;,&quot;sizes&quot;:[]},&quot;_transform_scale_effect_tablet&quot;:{&quot;unit&quot;:&quot;px&quot;,&quot;size&quot;:&quot;&quot;,&quot;sizes&quot;:[]},&quot;_transform_scale_effect_mobile&quot;:{&quot;unit&quot;:&quot;px&quot;,&quot;size&quot;:&quot;&quot;,&quot;sizes&quot;:[]}}\">\n\t\t<div class=\"elementor-element elementor-element-e2c98d5 e-con-full e-flex e-con e-child\" data-id=\"e2c98d5\" data-element_type=\"container\" data-e-type=\"container\">\n\t\t\t\t<div class=\"elementor-element elementor-element-42eb470 elementor-widget elementor-widget-image\" data-id=\"42eb470\" data-element_type=\"widget\" data-e-type=\"widget\" data-widget_type=\"image.default\">\n\t\t\t\t<div class=\"elementor-widget-container\">\n\t\t\t\t\t\t\t\t\t\t\t\t\t\t\t<img decoding=\"async\" width=\"5491\" height=\"92\" src=\"https:\/\/fiberfib.com\/wp-content\/uploads\/2024\/10\/STRIPE-yellow.png\" class=\"attachment-full size-full wp-image-11533\" alt=\"\" srcset=\"https:\/\/fiberfib.com\/wp-content\/uploads\/2024\/10\/STRIPE-yellow.png 5491w, https:\/\/fiberfib.com\/wp-content\/uploads\/2024\/10\/STRIPE-yellow-300x5.png 300w, https:\/\/fiberfib.com\/wp-content\/uploads\/2024\/10\/STRIPE-yellow-1024x17.png 1024w, https:\/\/fiberfib.com\/wp-content\/uploads\/2024\/10\/STRIPE-yellow-768x13.png 768w, https:\/\/fiberfib.com\/wp-content\/uploads\/2024\/10\/STRIPE-yellow-1536x26.png 1536w, https:\/\/fiberfib.com\/wp-content\/uploads\/2024\/10\/STRIPE-yellow-2048x34.png 2048w\" sizes=\"(max-width: 5491px) 100vw, 5491px\" \/>\t\t\t\t\t\t\t\t\t\t\t\t\t\t\t<\/div>\n\t\t\t\t<\/div>\n\t\t\t\t<\/div>\n\t\t<div class=\"elementor-element elementor-element-ed59009 e-con-full e-flex e-con e-child\" data-id=\"ed59009\" data-element_type=\"container\" data-e-type=\"container\" data-settings=\"{&quot;background_background&quot;:&quot;classic&quot;}\">\n\t\t\t\t<\/div>\n\t\t\t\t<\/div>\n\t\t<div class=\"elementor-element elementor-element-a830fff e-con-full e-flex e-con e-child\" data-id=\"a830fff\" data-element_type=\"container\" data-e-type=\"container\" data-settings=\"{&quot;background_background&quot;:&quot;classic&quot;}\">\n\t\t<div class=\"elementor-element elementor-element-abe7a8e e-con-full e-flex e-con e-child\" data-id=\"abe7a8e\" data-element_type=\"container\" data-e-type=\"container\">\n\t\t<div class=\"elementor-element elementor-element-39a12a7 e-con-full e-flex e-con e-child\" data-id=\"39a12a7\" data-element_type=\"container\" data-e-type=\"container\">\n\t\t<div class=\"elementor-element elementor-element-a6d3b26 e-con-full e-flex e-con e-child\" data-id=\"a6d3b26\" data-element_type=\"container\" data-e-type=\"container\">\n\t\t\t\t<div class=\"elementor-element elementor-element-61c007f elementor-widget elementor-widget-text-editor\" data-id=\"61c007f\" data-element_type=\"widget\" data-e-type=\"widget\" data-widget_type=\"text-editor.default\">\n\t\t\t\t<div class=\"elementor-widget-container\">\n\t\t\t\t\t\t\t\t\t<p>FIBERBUS<\/p>\n\t\t\t\t\t\t\t\t<\/div>\n\t\t\t\t<\/div>\n\t\t\t\t<div class=\"elementor-element elementor-element-087614a elementor-widget elementor-widget-text-editor\" data-id=\"087614a\" data-element_type=\"widget\" data-e-type=\"widget\" data-widget_type=\"text-editor.default\">\n\t\t\t\t<div class=\"elementor-widget-container\">\n\t\t\t\t\t\t\t\t\t<p>BENIC\u00c0SSIM, OROPESA I CASTELL\u00d3<\/p>\n\t\t\t\t\t\t\t\t<\/div>\n\t\t\t\t<\/div>\n\t\t\t\t<\/div>\n\t\t<div class=\"elementor-element elementor-element-d0dfbe2 e-con-full e-flex e-con e-child\" data-id=\"d0dfbe2\" data-element_type=\"container\" data-e-type=\"container\">\n\t\t\t\t<div class=\"elementor-element elementor-element-ed2634b elementor-widget elementor-widget-text-editor\" data-id=\"ed2634b\" data-element_type=\"widget\" data-e-type=\"widget\" data-widget_type=\"text-editor.default\">\n\t\t\t\t<div class=\"elementor-widget-container\">\n\t\t\t\t\t\t\t\t\t<p>Des d&#8217;on v\u00e9ns al festival? Et portem directament al recinte! <\/p>\n\t\t\t\t\t\t\t\t<\/div>\n\t\t\t\t<\/div>\n\t\t\t\t<\/div>\n\t\t<div class=\"elementor-element elementor-element-8da938e e-con-full e-flex e-con e-child\" data-id=\"8da938e\" data-element_type=\"container\" data-e-type=\"container\">\n\t\t\t\t<div class=\"elementor-element elementor-element-19dba75 elementor-widget elementor-widget-text-editor\" data-id=\"19dba75\" data-element_type=\"widget\" data-e-type=\"widget\" data-widget_type=\"text-editor.default\">\n\t\t\t\t<div class=\"elementor-widget-container\">\n\t\t\t\t\t\t\t\t\t<p class=\"p1\">des de \u20ac*<\/p>\n\t\t\t\t\t\t\t\t<\/div>\n\t\t\t\t<\/div>\n\t\t\t\t<div class=\"elementor-element elementor-element-d8c33c9 elementor-widget elementor-widget-text-editor\" data-id=\"d8c33c9\" data-element_type=\"widget\" data-e-type=\"widget\" data-widget_type=\"text-editor.default\">\n\t\t\t\t<div class=\"elementor-widget-container\">\n\t\t\t\t\t\t\t\t\t<p><strong>Fins o fi d&#8217;exist\u00e8ncies<\/strong><\/p>\n\t\t\t\t\t\t\t\t<\/div>\n\t\t\t\t<\/div>\n\t\t\t\t<div class=\"elementor-element elementor-element-1b8a45b elementor-widget elementor-widget-text-editor\" data-id=\"1b8a45b\" data-element_type=\"widget\" data-e-type=\"widget\" data-widget_type=\"text-editor.default\">\n\t\t\t\t<div class=\"elementor-widget-container\">\n\t\t\t\t\t\t\t\t\t<p>*Despeses de gesti\u00f3 incloses<\/p>\n\t\t\t\t\t\t\t\t<\/div>\n\t\t\t\t<\/div>\n\t\t\t\t<\/div>\n\t\t\t\t<div class=\"elementor-element elementor-element-aed3bb2 elementor-align-center elementor-widget elementor-widget-button\" data-id=\"aed3bb2\" data-element_type=\"widget\" data-e-type=\"widget\" data-widget_type=\"button.default\">\n\t\t\t\t<div class=\"elementor-widget-container\">\n\t\t\t\t\t\t\t\t\t<div class=\"elementor-button-wrapper\">\n\t\t\t\t\t<a class=\"elementor-button elementor-button-link elementor-size-sm elementor-animation-grow\" href=\"https:\/\/venta.enterticket.es\/comprar\/complemento?hash=oXMpzbBvnMFN0HzBnV9Rzg%3D%3D\">\n\t\t\t\t\t\t<span class=\"elementor-button-content-wrapper\">\n\t\t\t\t\t\t\t\t\t<span class=\"elementor-button-text\">COMPRAR<\/span>\n\t\t\t\t\t<\/span>\n\t\t\t\t\t<\/a>\n\t\t\t\t<\/div>\n\t\t\t\t\t\t\t\t<\/div>\n\t\t\t\t<\/div>\n\t\t\t\t<div class=\"elementor-element elementor-element-6d0ff05 elementor-align-center elementor-widget elementor-widget-button\" data-id=\"6d0ff05\" data-element_type=\"widget\" data-e-type=\"widget\" data-widget_type=\"button.default\">\n\t\t\t\t<div class=\"elementor-widget-container\">\n\t\t\t\t\t\t\t\t\t<div class=\"elementor-button-wrapper\">\n\t\t\t\t\t<a class=\"elementor-button elementor-button-link elementor-size-sm elementor-animation-grow\" href=\"https:\/\/fiberfib.com\/servicios\/transporte\/fiberbus\/\">\n\t\t\t\t\t\t<span class=\"elementor-button-content-wrapper\">\n\t\t\t\t\t\t\t\t\t<span class=\"elementor-button-text\">+ INFO<\/span>\n\t\t\t\t\t<\/span>\n\t\t\t\t\t<\/a>\n\t\t\t\t<\/div>\n\t\t\t\t\t\t\t\t<\/div>\n\t\t\t\t<\/div>\n\t\t\t\t<\/div>\n\t\t<div class=\"elementor-element elementor-element-07fab2b e-con-full e-flex e-con e-child\" data-id=\"07fab2b\" data-element_type=\"container\" data-e-type=\"container\">\n\t\t<div class=\"elementor-element elementor-element-5393a58 e-con-full e-flex e-con e-child\" data-id=\"5393a58\" data-element_type=\"container\" data-e-type=\"container\">\n\t\t\t\t<div class=\"elementor-element elementor-element-9d92bd9 elementor-widget elementor-widget-text-editor\" data-id=\"9d92bd9\" data-element_type=\"widget\" data-e-type=\"widget\" data-widget_type=\"text-editor.default\">\n\t\t\t\t<div class=\"elementor-widget-container\">\n\t\t\t\t\t\t\t\t\t<p>ALTRES<\/p>\n\t\t\t\t\t\t\t\t<\/div>\n\t\t\t\t<\/div>\n\t\t\t\t<\/div>\n\t\t<div class=\"elementor-element elementor-element-4c9e070 e-con-full e-flex e-con e-child\" data-id=\"4c9e070\" data-element_type=\"container\" data-e-type=\"container\">\n\t\t\t\t<div class=\"elementor-element elementor-element-8be8eab elementor-widget elementor-widget-text-editor\" data-id=\"8be8eab\" data-element_type=\"widget\" data-e-type=\"widget\" data-widget_type=\"text-editor.default\">\n\t\t\t\t<div class=\"elementor-widget-container\">\n\t\t\t\t\t\t\t\t\t<p>Descobreix m\u00e9s maneres d&#8217;arribar al festival<\/p>\n\t\t\t\t\t\t\t\t<\/div>\n\t\t\t\t<\/div>\n\t\t\t\t<\/div>\n\t\t\t\t<div class=\"elementor-element elementor-element-116c59a elementor-align-center elementor-widget elementor-widget-button\" data-id=\"116c59a\" data-element_type=\"widget\" data-e-type=\"widget\" data-widget_type=\"button.default\">\n\t\t\t\t<div class=\"elementor-widget-container\">\n\t\t\t\t\t\t\t\t\t<div class=\"elementor-button-wrapper\">\n\t\t\t\t\t<a class=\"elementor-button elementor-button-link elementor-size-sm elementor-animation-grow\" href=\"#\">\n\t\t\t\t\t\t<span class=\"elementor-button-content-wrapper\">\n\t\t\t\t\t\t\t\t\t<span class=\"elementor-button-text\">PROPERAMENT<\/span>\n\t\t\t\t\t<\/span>\n\t\t\t\t\t<\/a>\n\t\t\t\t<\/div>\n\t\t\t\t\t\t\t\t<\/div>\n\t\t\t\t<\/div>\n\t\t\t\t<div class=\"elementor-element elementor-element-4d0f0da elementor-align-center elementor-widget elementor-widget-button\" data-id=\"4d0f0da\" data-element_type=\"widget\" data-e-type=\"widget\" data-widget_type=\"button.default\">\n\t\t\t\t<div class=\"elementor-widget-container\">\n\t\t\t\t\t\t\t\t\t<div class=\"elementor-button-wrapper\">\n\t\t\t\t\t<a class=\"elementor-button elementor-button-link elementor-size-sm elementor-animation-grow\" href=\"#\">\n\t\t\t\t\t\t<span class=\"elementor-button-content-wrapper\">\n\t\t\t\t\t\t\t\t\t<span class=\"elementor-button-text\">+ INFO<\/span>\n\t\t\t\t\t<\/span>\n\t\t\t\t\t<\/a>\n\t\t\t\t<\/div>\n\t\t\t\t\t\t\t\t<\/div>\n\t\t\t\t<\/div>\n\t\t\t\t<\/div>\n\t\t\t\t<\/div>\n\t\t\t\t<\/div>\n\t\t\t\t<\/div>\n\t\t\t\t<\/div>\n\t\t\t\t<\/div>\n\t\t","protected":false},"excerpt":{"rendered":"<p>TRANSPORT TRANSPORT Viatja des de Benic\u00e0ssim, Castell\u00f3, Oropesa o Val\u00e8ncia fins al recinte. Consulteu totes les opcions per arribar al festival! COMPRAR FIBERBUS BENIC\u00c0SSIM, OROPESA I CASTELL\u00d3 Des d&#8217;on v\u00e9ns al festival? Et portem directament al recinte! des de \u20ac* Fins o fi d&#8217;exist\u00e8ncies *Despeses de gesti\u00f3 incloses COMPRAR + INFO ALTRES Descobreix m\u00e9s maneres [&hellip;]<\/p>\n","protected":false},"author":1,"featured_media":0,"parent":1291,"menu_order":0,"comment_status":"closed","ping_status":"closed","template":"","meta":{"footnotes":""},"class_list":["post-12620","page","type-page","status-publish","hentry"],"yoast_head":"<!-- This site is optimized with the Yoast SEO Premium plugin v27.4 (Yoast SEO v27.4) - https:\/\/yoast.com\/product\/yoast-seo-premium-wordpress\/ -->\n<title>Transport - FIB Benic\u00e0ssim<\/title>\n<meta name=\"robots\" content=\"index, follow, max-snippet:-1, max-image-preview:large, max-video-preview:-1\" \/>\n<link rel=\"canonical\" href=\"https:\/\/fiberfib.com\/ca\/serveis\/transport\/\" \/>\n<meta property=\"og:locale\" content=\"en_US\" \/>\n<meta property=\"og:type\" content=\"article\" \/>\n<meta property=\"og:title\" content=\"Transport\" \/>\n<meta property=\"og:description\" content=\"TRANSPORT TRANSPORT Viatja des de Benic\u00e0ssim, Castell\u00f3, Oropesa o Val\u00e8ncia fins al recinte. Consulteu totes les opcions per arribar al festival! COMPRAR FIBERBUS BENIC\u00c0SSIM, OROPESA I CASTELL\u00d3 Des d&#8217;on v\u00e9ns al festival? Et portem directament al recinte! des de \u20ac* Fins o fi d&#8217;exist\u00e8ncies *Despeses de gesti\u00f3 incloses COMPRAR + INFO ALTRES Descobreix m\u00e9s maneres [&hellip;]\" \/>\n<meta property=\"og:url\" content=\"https:\/\/fiberfib.com\/ca\/serveis\/transport\/\" \/>\n<meta property=\"og:site_name\" content=\"FIB Benic\u00e0ssim\" \/>\n<meta property=\"article:modified_time\" content=\"2025-04-15T15:01:45+00:00\" \/>\n<meta property=\"og:image\" content=\"https:\/\/fiberfib.com\/wp-content\/uploads\/2024\/11\/IMG-Transporte.png\" \/>\n<meta name=\"twitter:card\" content=\"summary_large_image\" \/>\n<script type=\"application\/ld+json\" class=\"yoast-schema-graph\">{\"@context\":\"https:\\\/\\\/schema.org\",\"@graph\":[{\"@type\":\"WebPage\",\"@id\":\"https:\\\/\\\/fiberfib.com\\\/ca\\\/serveis\\\/transport\\\/\",\"url\":\"https:\\\/\\\/fiberfib.com\\\/ca\\\/serveis\\\/transport\\\/\",\"name\":\"Transport - FIB Benic\u00e0ssim\",\"isPartOf\":{\"@id\":\"https:\\\/\\\/fiberfib.com\\\/ca\\\/#website\"},\"primaryImageOfPage\":{\"@id\":\"https:\\\/\\\/fiberfib.com\\\/ca\\\/serveis\\\/transport\\\/#primaryimage\"},\"image\":{\"@id\":\"https:\\\/\\\/fiberfib.com\\\/ca\\\/serveis\\\/transport\\\/#primaryimage\"},\"thumbnailUrl\":\"https:\\\/\\\/fiberfib.com\\\/wp-content\\\/uploads\\\/2024\\\/11\\\/IMG-Transporte.png\",\"datePublished\":\"2024-11-08T11:48:39+00:00\",\"dateModified\":\"2025-04-15T15:01:45+00:00\",\"breadcrumb\":{\"@id\":\"https:\\\/\\\/fiberfib.com\\\/ca\\\/serveis\\\/transport\\\/#breadcrumb\"},\"inLanguage\":\"va-VA\",\"potentialAction\":[{\"@type\":\"ReadAction\",\"target\":[\"https:\\\/\\\/fiberfib.com\\\/ca\\\/serveis\\\/transport\\\/\"]}]},{\"@type\":\"ImageObject\",\"inLanguage\":\"va-VA\",\"@id\":\"https:\\\/\\\/fiberfib.com\\\/ca\\\/serveis\\\/transport\\\/#primaryimage\",\"url\":\"https:\\\/\\\/fiberfib.com\\\/wp-content\\\/uploads\\\/2024\\\/11\\\/IMG-Transporte.png\",\"contentUrl\":\"https:\\\/\\\/fiberfib.com\\\/wp-content\\\/uploads\\\/2024\\\/11\\\/IMG-Transporte.png\"},{\"@type\":\"BreadcrumbList\",\"@id\":\"https:\\\/\\\/fiberfib.com\\\/ca\\\/serveis\\\/transport\\\/#breadcrumb\",\"itemListElement\":[{\"@type\":\"ListItem\",\"position\":1,\"name\":\"Portada\",\"item\":\"https:\\\/\\\/fiberfib.com\\\/ca\\\/\"},{\"@type\":\"ListItem\",\"position\":2,\"name\":\"Privado: Serveis\",\"item\":\"https:\\\/\\\/fiberfib.com\\\/ca\\\/serveis\\\/\"},{\"@type\":\"ListItem\",\"position\":3,\"name\":\"Transport\"}]},{\"@type\":\"WebSite\",\"@id\":\"https:\\\/\\\/fiberfib.com\\\/ca\\\/#website\",\"url\":\"https:\\\/\\\/fiberfib.com\\\/ca\\\/\",\"name\":\"FIB Benic\u00e0ssim\",\"description\":\"16\u201418 JUL 2026. Benic\u00e0ssim, Castell\u00f3n.\",\"potentialAction\":[{\"@type\":\"SearchAction\",\"target\":{\"@type\":\"EntryPoint\",\"urlTemplate\":\"https:\\\/\\\/fiberfib.com\\\/ca\\\/?s={search_term_string}\"},\"query-input\":{\"@type\":\"PropertyValueSpecification\",\"valueRequired\":true,\"valueName\":\"search_term_string\"}}],\"inLanguage\":\"va-VA\"}]}<\/script>\n<!-- \/ Yoast SEO Premium plugin. -->","yoast_head_json":{"title":"Transport - FIB Benic\u00e0ssim","robots":{"index":"index","follow":"follow","max-snippet":"max-snippet:-1","max-image-preview":"max-image-preview:large","max-video-preview":"max-video-preview:-1"},"canonical":"https:\/\/fiberfib.com\/ca\/serveis\/transport\/","og_locale":"en_US","og_type":"article","og_title":"Transport","og_description":"TRANSPORT TRANSPORT Viatja des de Benic\u00e0ssim, Castell\u00f3, Oropesa o Val\u00e8ncia fins al recinte. Consulteu totes les opcions per arribar al festival! COMPRAR FIBERBUS BENIC\u00c0SSIM, OROPESA I CASTELL\u00d3 Des d&#8217;on v\u00e9ns al festival? Et portem directament al recinte! des de \u20ac* Fins o fi d&#8217;exist\u00e8ncies *Despeses de gesti\u00f3 incloses COMPRAR + INFO ALTRES Descobreix m\u00e9s maneres [&hellip;]","og_url":"https:\/\/fiberfib.com\/ca\/serveis\/transport\/","og_site_name":"FIB Benic\u00e0ssim","article_modified_time":"2025-04-15T15:01:45+00:00","og_image":[{"url":"https:\/\/fiberfib.com\/wp-content\/uploads\/2024\/11\/IMG-Transporte.png","type":"","width":"","height":""}],"twitter_card":"summary_large_image","schema":{"@context":"https:\/\/schema.org","@graph":[{"@type":"WebPage","@id":"https:\/\/fiberfib.com\/ca\/serveis\/transport\/","url":"https:\/\/fiberfib.com\/ca\/serveis\/transport\/","name":"Transport - FIB Benic\u00e0ssim","isPartOf":{"@id":"https:\/\/fiberfib.com\/ca\/#website"},"primaryImageOfPage":{"@id":"https:\/\/fiberfib.com\/ca\/serveis\/transport\/#primaryimage"},"image":{"@id":"https:\/\/fiberfib.com\/ca\/serveis\/transport\/#primaryimage"},"thumbnailUrl":"https:\/\/fiberfib.com\/wp-content\/uploads\/2024\/11\/IMG-Transporte.png","datePublished":"2024-11-08T11:48:39+00:00","dateModified":"2025-04-15T15:01:45+00:00","breadcrumb":{"@id":"https:\/\/fiberfib.com\/ca\/serveis\/transport\/#breadcrumb"},"inLanguage":"va-VA","potentialAction":[{"@type":"ReadAction","target":["https:\/\/fiberfib.com\/ca\/serveis\/transport\/"]}]},{"@type":"ImageObject","inLanguage":"va-VA","@id":"https:\/\/fiberfib.com\/ca\/serveis\/transport\/#primaryimage","url":"https:\/\/fiberfib.com\/wp-content\/uploads\/2024\/11\/IMG-Transporte.png","contentUrl":"https:\/\/fiberfib.com\/wp-content\/uploads\/2024\/11\/IMG-Transporte.png"},{"@type":"BreadcrumbList","@id":"https:\/\/fiberfib.com\/ca\/serveis\/transport\/#breadcrumb","itemListElement":[{"@type":"ListItem","position":1,"name":"Portada","item":"https:\/\/fiberfib.com\/ca\/"},{"@type":"ListItem","position":2,"name":"Privado: Serveis","item":"https:\/\/fiberfib.com\/ca\/serveis\/"},{"@type":"ListItem","position":3,"name":"Transport"}]},{"@type":"WebSite","@id":"https:\/\/fiberfib.com\/ca\/#website","url":"https:\/\/fiberfib.com\/ca\/","name":"FIB Benic\u00e0ssim","description":"16\u201418 JUL 2026. Benic\u00e0ssim, Castell\u00f3n.","potentialAction":[{"@type":"SearchAction","target":{"@type":"EntryPoint","urlTemplate":"https:\/\/fiberfib.com\/ca\/?s={search_term_string}"},"query-input":{"@type":"PropertyValueSpecification","valueRequired":true,"valueName":"search_term_string"}}],"inLanguage":"va-VA"}]}},"_links":{"self":[{"href":"https:\/\/fiberfib.com\/ca\/wp-json\/wp\/v2\/pages\/12620","targetHints":{"allow":["GET"]}}],"collection":[{"href":"https:\/\/fiberfib.com\/ca\/wp-json\/wp\/v2\/pages"}],"about":[{"href":"https:\/\/fiberfib.com\/ca\/wp-json\/wp\/v2\/types\/page"}],"author":[{"embeddable":true,"href":"https:\/\/fiberfib.com\/ca\/wp-json\/wp\/v2\/users\/1"}],"replies":[{"embeddable":true,"href":"https:\/\/fiberfib.com\/ca\/wp-json\/wp\/v2\/comments?post=12620"}],"version-history":[{"count":2,"href":"https:\/\/fiberfib.com\/ca\/wp-json\/wp\/v2\/pages\/12620\/revisions"}],"predecessor-version":[{"id":14965,"href":"https:\/\/fiberfib.com\/ca\/wp-json\/wp\/v2\/pages\/12620\/revisions\/14965"}],"up":[{"embeddable":true,"href":"https:\/\/fiberfib.com\/ca\/wp-json\/wp\/v2\/pages\/1291"}],"wp:attachment":[{"href":"https:\/\/fiberfib.com\/ca\/wp-json\/wp\/v2\/media?parent=12620"}],"curies":[{"name":"wp","href":"https:\/\/api.w.org\/{rel}","templated":true}]}}